{"id":339,"date":"2014-08-16T14:10:14","date_gmt":"2014-08-16T14:10:14","guid":{"rendered":"http:\/\/www.mahmuttalhakoz.com\/blog\/?page_id=339"},"modified":"2014-08-16T14:10:14","modified_gmt":"2014-08-16T14:10:14","slug":"fb-tv-izle","status":"publish","type":"page","link":"https:\/\/www.mahmuttalhakoz.com\/blog\/index.php\/fb-tv-izle\/","title":{"rendered":"FB TV \u0130zle"},"content":{"rendered":"<p><iframe loading=\"lazy\" frameborder=\"0\" width=\"480\" height=\"270\" src=\"\/\/www.dailymotion.com\/embed\/video\/x21oo10?autoPlay=1\" allowfullscreen><\/iframe><br \/><a href=\"http:\/\/www.dailymotion.com\/video\/x21oo10_fb-tv-canli-yayin_creation\" target=\"_blank\">FB TV &#8211; Canl\u0131 Yay\u0131n<\/a> <i>payla\u015fan: <a href=\"http:\/\/www.dailymotion.com\/fenerbahce\" target=\"_blank\">Fenerbahce<\/a><\/i><\/p>\n","protected":false},"excerpt":{"rendered":"<p>FB TV &#8211; Canl\u0131 Yay\u0131n payla\u015fan: Fenerbahce<\/p>\n","protected":false},"author":1,"featured_media":0,"parent":0,"menu_order":0,"comment_status":"open","ping_status":"closed","template":"","meta":{"footnotes":""},"class_list":["post-339","page","type-page","status-publish","hentry"],"_links":{"self":[{"href":"https:\/\/www.mahmuttalhakoz.com\/blog\/index.php\/wp-json\/wp\/v2\/pages\/339"}],"collection":[{"href":"https:\/\/www.mahmuttalhakoz.com\/blog\/index.php\/wp-json\/wp\/v2\/pages"}],"about":[{"href":"https:\/\/www.mahmuttalhakoz.com\/blog\/index.php\/wp-json\/wp\/v2\/types\/page"}],"author":[{"embeddable":true,"href":"https:\/\/www.mahmuttalhakoz.com\/blog\/index.php\/wp-json\/wp\/v2\/users\/1"}],"replies":[{"embeddable":true,"href":"https:\/\/www.mahmuttalhakoz.com\/blog\/index.php\/wp-json\/wp\/v2\/comments?post=339"}],"version-history":[{"count":2,"href":"https:\/\/www.mahmuttalhakoz.com\/blog\/index.php\/wp-json\/wp\/v2\/pages\/339\/revisions"}],"predecessor-version":[{"id":341,"href":"https:\/\/www.mahmuttalhakoz.com\/blog\/index.php\/wp-json\/wp\/v2\/pages\/339\/revisions\/341"}],"wp:attachment":[{"href":"https:\/\/www.mahmuttalhakoz.com\/blog\/index.php\/wp-json\/wp\/v2\/media?parent=339"}],"curies":[{"name":"wp","href":"https:\/\/api.w.org\/{rel}","templated":true}]}}